{"id":1501,"date":"2021-02-01T07:46:17","date_gmt":"2021-02-01T07:46:17","guid":{"rendered":"http:\/\/www.tbdevelopment.sk\/?page_id=1501"},"modified":"2021-02-10T14:19:26","modified_gmt":"2021-02-10T14:19:26","slug":"uvod","status":"publish","type":"page","link":"https:\/\/www.tbdevelopment.sk\/","title":{"rendered":"\u00daVOD"},"content":{"rendered":"\n<div class=\"wp-block-image\"><figure class=\"aligncenter size-large is-resized\"><img loading=\"lazy\" src=\"http:\/\/www.tbdevelopment.sk\/wp-content\/uploads\/2021\/01\/slide1.png\" alt=\"\" class=\"wp-image-1441\" width=\"1054\" height=\"420\" srcset=\"https:\/\/www.tbdevelopment.sk\/wp-content\/uploads\/2021\/01\/slide1.png 943w, https:\/\/www.tbdevelopment.sk\/wp-content\/uploads\/2021\/01\/slide1-300x120.png 300w, https:\/\/www.tbdevelopment.sk\/wp-content\/uploads\/2021\/01\/slide1-768x306.png 768w\" sizes=\"(max-width: 1054px) 100vw, 1054px\" \/><\/figure><\/div>\n\n\n\n<hr class=\"wp-block-separator is-style-wide\"\/>\n\n\n\n<div class=\"wp-block-columns\">\n<div class=\"wp-block-column\" style=\"flex-basis:100%\">\n<div class=\"wp-block-group has-black-color has-white-background-color has-text-color has-background\"><div class=\"wp-block-group__inner-container\">\n<div class=\"wp-block-columns\">\n<div class=\"wp-block-column\" style=\"flex-basis:100%\">\n<div class=\"wp-block-group\"><div class=\"wp-block-group__inner-container\">\n<p><a href=\"http:\/\/www.tbdevelopment.sk\/index.php\/sluzby-2\/\" target=\"_blank\" rel=\"noopener\"><img loading=\"lazy\" class=\"alignnone size-thumbnail wp-image-1434\" src=\"http:\/\/www.tbdevelopment.sk\/wp-content\/uploads\/2021\/01\/sluzby_a-150x150.png\" alt=\"\" width=\"150\" height=\"150\" \/><\/a><img loading=\"lazy\" class=\"alignnone size-thumbnail wp-image-1431\" src=\"http:\/\/www.tbdevelopment.sk\/wp-content\/uploads\/2021\/01\/servis_a-e1612863818687-150x150.png\" alt=\"\" width=\"150\" height=\"150\" \/><img loading=\"lazy\" class=\"alignnone size-thumbnail wp-image-1419\" src=\"http:\/\/www.tbdevelopment.sk\/wp-content\/uploads\/2021\/01\/infra_a-150x150.png\" alt=\"\" width=\"150\" height=\"150\" \/><\/p>\n<\/div><\/div>\n\n\n\n<p><strong>TBD s r.o.<\/strong> je slovensk\u00e1 spolo\u010dnos\u0165 zaoberaj\u00faca sa v\u00fdpo\u010dtovou technikou a informa\u010dn\u00fdmi syst\u00e9mami, ktor\u00e1 na trhu p\u00f4sob\u00ed od roku 2009. Ako k\u013e\u00fa\u010dov\u00fd parameter rastu sme si stanovili kvalitu na\u0161ich slu\u017eieb &#8211; aby sa n\u00e1m nestalo, \u017ee budeme r\u00e1s\u0165 na \u00fakor kvality n\u00e1\u0161ho servisu poskytovan\u00e9ho z\u00e1kazn\u00edkom.<\/p>\n<p><\/p>\n<p><strong>Poskytujeme slu\u017eby v oblasti spr\u00e1vy siet\u00ed, v\u00fdvoja softv\u00e9ru na mieru, dod\u00e1vky hardv\u00e9ru a softv\u00e9ru. Medzi na\u0161ich klientov patria mnoh\u00e9 v\u00fdznamn\u00e9 slovensk\u00e9 alebo zahrani\u010dn\u00e9 spolo\u010dnosti.<\/strong><\/p>\n<\/div>\n<\/div>\n<\/div><\/div>\n<\/div>\n<\/div>\n","protected":false},"excerpt":{"rendered":"","protected":false},"author":1,"featured_media":0,"parent":0,"menu_order":0,"comment_status":"closed","ping_status":"closed","template":"","meta":[],"_links":{"self":[{"href":"https:\/\/www.tbdevelopment.sk\/index.php\/wp-json\/wp\/v2\/pages\/1501"}],"collection":[{"href":"https:\/\/www.tbdevelopment.sk\/index.php\/wp-json\/wp\/v2\/pages"}],"about":[{"href":"https:\/\/www.tbdevelopment.sk\/index.php\/wp-json\/wp\/v2\/types\/page"}],"author":[{"embeddable":true,"href":"https:\/\/www.tbdevelopment.sk\/index.php\/wp-json\/wp\/v2\/users\/1"}],"replies":[{"embeddable":true,"href":"https:\/\/www.tbdevelopment.sk\/index.php\/wp-json\/wp\/v2\/comments?post=1501"}],"version-history":[{"count":20,"href":"https:\/\/www.tbdevelopment.sk\/index.php\/wp-json\/wp\/v2\/pages\/1501\/revisions"}],"predecessor-version":[{"id":1579,"href":"https:\/\/www.tbdevelopment.sk\/index.php\/wp-json\/wp\/v2\/pages\/1501\/revisions\/1579"}],"wp:attachment":[{"href":"https:\/\/www.tbdevelopment.sk\/index.php\/wp-json\/wp\/v2\/media?parent=1501"}],"curies":[{"name":"wp","href":"https:\/\/api.w.org\/{rel}","templated":true}]}}