{"id":1505,"date":"2021-02-01T07:47:10","date_gmt":"2021-02-01T07:47:10","guid":{"rendered":"http:\/\/www.tbdevelopment.sk\/?page_id=1505"},"modified":"2021-02-10T11:10:01","modified_gmt":"2021-02-10T11:10:01","slug":"produkty","status":"publish","type":"page","link":"https:\/\/www.tbdevelopment.sk\/index.php\/produkty\/","title":{"rendered":"PRODUKTY"},"content":{"rendered":"\n<div class=\"wp-block-image\"><figure class=\"aligncenter size-large is-resized\"><img loading=\"lazy\" src=\"http:\/\/www.tbdevelopment.sk\/wp-content\/uploads\/2021\/01\/slide5.jpg\" alt=\"\" class=\"wp-image-1445\" width=\"1055\" height=\"421\" srcset=\"https:\/\/www.tbdevelopment.sk\/wp-content\/uploads\/2021\/01\/slide5.jpg 942w, https:\/\/www.tbdevelopment.sk\/wp-content\/uploads\/2021\/01\/slide5-300x120.jpg 300w, https:\/\/www.tbdevelopment.sk\/wp-content\/uploads\/2021\/01\/slide5-768x307.jpg 768w\" sizes=\"(max-width: 1055px) 100vw, 1055px\" \/><\/figure><\/div>\n\n\n\n<hr class=\"wp-block-separator is-style-wide\"\/>\n\n\n<p>V\u0161etk\u00fdm z\u00e1kazn\u00edkom pon\u00fakame technick\u00fa podporu s dobou odstr\u00e1nenia poruchy pod\u013ea ich po\u017eiadaviek.<\/p>\n<p><\/p>\n<p>Zmluvn\u00fd servis m\u00f4\u017ee zah\u0155\u0148a\u0165 profylaktiku serverov, po\u010d\u00edta\u010dov\u00fdch stan\u00edc, kabel\u00e1\u017ee, tla\u010diarn\u00ed, \u010di in\u00fdch \u0161pecifikovan\u00fdch zariaden\u00ed z\u00e1kazn\u00edka, od r\u00f4znych dod\u00e1vate\u013eov a r\u00f4znych zna\u010diek.<\/p>\n<p><\/p>\n<p>Oddelenie servisu poskytuje slu\u017eby:<\/p>\n<ul>\n<li>servis vykon\u00e1van\u00fd u z\u00e1kazn\u00edka (zmluvn\u00fd servis, \u0161peci\u00e1lny servis, jednoduch\u00e9 opravy techniky, at\u010f.),<\/li>\n<li>servis vykon\u00e1van\u00fd v spolo\u010dnosti TBD vzdialen\u00fdm pr\u00edstupom,<\/li>\n<li>dielensk\u00fd servis vykon\u00e1van\u00fd v spolo\u010dnosti TBD.<\/li>\n<\/ul>\n<p>Ako autorizovan\u00fd servisn\u00fd partner spolo\u010dnost\u00ed HP poskytujeme servisn\u00e9 slu\u017eby uvedenej techniky. Taktie\u017e sme autorizovan\u00fdm servisn\u00fdm strediskom pre produkty Canon. Okrem toho sme schopn\u00ed opravova\u0165 zariadenia aj in\u00fdch zna\u010diek (Epson, Konica, Minolta, OKI, Lexmark, Samsung, Brother,&#8230;).<\/p>\n<p><\/p>\n<p>Pre lep\u0161iu a kvalitnej\u0161iu komunik\u00e1ciu so z\u00e1kazn\u00edkom funguje vo firme telefonick\u00fd dispe\u010ding servisn\u00e9ho oddelenia, ktor\u00fd koordinuje aktivity s\u00favisiace s technickou podporou a podstatne u\u013eah\u010duje prv\u00fd kontakt so z\u00e1kazn\u00edkom.<\/p>","protected":false},"excerpt":{"rendered":"<p>V\u0161etk\u00fdm z\u00e1kazn\u00edkom pon\u00fakame technick\u00fa podporu s dobou odstr\u00e1nenia poruchy pod\u013ea ich po\u017eiadaviek. Zmluvn\u00fd servis m\u00f4\u017ee zah\u0155\u0148a\u0165 profylaktiku serverov, po\u010d\u00edta\u010dov\u00fdch stan\u00edc, kabel\u00e1\u017ee, tla\u010diarn\u00ed, \u010di in\u00fdch \u0161pecifikovan\u00fdch zariaden\u00ed z\u00e1kazn\u00edka, od r\u00f4znych dod\u00e1vate\u013eov a r\u00f4znych zna\u010diek. Oddelenie servisu poskytuje slu\u017eby: servis vykon\u00e1van\u00fd u z\u00e1kazn\u00edka (zmluvn\u00fd servis, \u0161peci\u00e1lny servis, jednoduch\u00e9 opravy techniky, at\u010f.), servis vykon\u00e1van\u00fd v spolo\u010dnosti TBD vzdialen\u00fdm [&hellip;]<\/p>\n","protected":false},"author":1,"featured_media":0,"parent":0,"menu_order":0,"comment_status":"closed","ping_status":"closed","template":"","meta":[],"_links":{"self":[{"href":"https:\/\/www.tbdevelopment.sk\/index.php\/wp-json\/wp\/v2\/pages\/1505"}],"collection":[{"href":"https:\/\/www.tbdevelopment.sk\/index.php\/wp-json\/wp\/v2\/pages"}],"about":[{"href":"https:\/\/www.tbdevelopment.sk\/index.php\/wp-json\/wp\/v2\/types\/page"}],"author":[{"embeddable":true,"href":"https:\/\/www.tbdevelopment.sk\/index.php\/wp-json\/wp\/v2\/users\/1"}],"replies":[{"embeddable":true,"href":"https:\/\/www.tbdevelopment.sk\/index.php\/wp-json\/wp\/v2\/comments?post=1505"}],"version-history":[{"count":4,"href":"https:\/\/www.tbdevelopment.sk\/index.php\/wp-json\/wp\/v2\/pages\/1505\/revisions"}],"predecessor-version":[{"id":1568,"href":"https:\/\/www.tbdevelopment.sk\/index.php\/wp-json\/wp\/v2\/pages\/1505\/revisions\/1568"}],"wp:attachment":[{"href":"https:\/\/www.tbdevelopment.sk\/index.php\/wp-json\/wp\/v2\/media?parent=1505"}],"curies":[{"name":"wp","href":"https:\/\/api.w.org\/{rel}","templated":true}]}}