{"id":1507,"date":"2021-02-01T07:47:32","date_gmt":"2021-02-01T07:47:32","guid":{"rendered":"http:\/\/www.tbdevelopment.sk\/?page_id=1507"},"modified":"2021-02-10T11:10:25","modified_gmt":"2021-02-10T11:10:25","slug":"sluzby-2","status":"publish","type":"page","link":"https:\/\/www.tbdevelopment.sk\/index.php\/sluzby-2\/","title":{"rendered":"SLU\u017dBY"},"content":{"rendered":"\n<div class=\"wp-block-image\"><figure class=\"aligncenter size-large is-resized\"><img loading=\"lazy\" src=\"http:\/\/www.tbdevelopment.sk\/wp-content\/uploads\/2021\/01\/slide5.jpg\" alt=\"\" class=\"wp-image-1445\" width=\"1057\" height=\"421\" srcset=\"https:\/\/www.tbdevelopment.sk\/wp-content\/uploads\/2021\/01\/slide5.jpg 942w, https:\/\/www.tbdevelopment.sk\/wp-content\/uploads\/2021\/01\/slide5-300x120.jpg 300w, https:\/\/www.tbdevelopment.sk\/wp-content\/uploads\/2021\/01\/slide5-768x307.jpg 768w\" sizes=\"(max-width: 1057px) 100vw, 1057px\" \/><\/figure><\/div>\n\n\n\n<hr class=\"wp-block-separator is-style-wide\"\/>\n\n\n<p><strong>SLA slu\u017eby<\/strong><\/p>\n<p>Slu\u017eby s vopred definovan\u00fdmi krit\u00e9riami na ich rozsah, priority, zodpovednosti a z\u00e1ruky. Postar\u00e1me sa o bezprobl\u00e9mov\u00fa funk\u010dnos\u0165 v\u00e1\u0161ho IT, presne pod\u013ea va\u0161ich po\u017eiadaviek. S\u00fa\u010das\u0165ou zml\u00fav je cie\u013eov\u00e1, ako aj minim\u00e1lna \u00farove\u0148 slu\u017eieb. Pre skvalitnenie slu\u017eieb je tu zaveden\u00fd automatizovan\u00fd monitoring incidentov, o ktor\u00fdch sa dozvieme sk\u00f4r ne\u017e sa m\u00f4\u017eu re\u00e1lne prejavi\u0165 u koncov\u00e9ho pou\u017e\u00edvate\u013ea.<\/p>\n<p><strong>&nbsp;<\/strong><\/p>\n<p><strong>Outsourcing<\/strong><\/p>\n<p>Cie\u013eom outsourcingu spr\u00e1vy serverov a sie\u0165ovej infra\u0161trukt\u00fary je zaistenie bezpe\u010dnej a spo\u013eahlivej prev\u00e1dzky k\u013e\u00fa\u010dovej \u010dasti IT infra\u0161trukt\u00fary nevyhnutn\u00e9 pre zaistenie informa\u010dnej podpory podnikate\u013esk\u00fdch aktiv\u00edt z\u00e1kazn\u00edka. V r\u00e1mci tejto slu\u017eby zais\u0165ujeme:<\/p>\n<p><\/p>\n<p><strong>Monitoring<\/strong><\/p>\n<ul>\n<li>Trval\u00fd monitoring prev\u00e1dzky serverov a akt\u00edvnych sie\u0165ov\u00fdch prvkov za \u00fa\u010delom v\u010dasnej diagnostiky incidentov a predov\u0161etk\u00fdm z d\u00f4vodu predch\u00e1dzania incidentom<\/li>\n<li>Monitoring sie\u0165ovej prev\u00e1dzky, za\u0165a\u017eenie jednotliv\u00fdch prvkov a vyd\u00e1vanie doporu\u010den\u00ed k optimaliz\u00e1cii sie\u0165ovej infra\u0161trukt\u00fary<\/li>\n<li>Vykon\u00e1vanie prevent\u00edvnej \u00fadr\u017eby v\u0161etk\u00fdch prvkov infra\u0161trukt\u00fary vr\u00e1tane SW komponentov (kontrola logov, \u00fadr\u017eba datab\u00e1z)<\/li>\n<li>Monitoring z\u00e1kazn\u00edckych aplik\u00e1ci\u00ed be\u017eiacich na spravovan\u00fdch serveroch pre zaistenie vysokej dostupnosti a r\u00fdchlej reakcie na v\u00fdpadok<\/li>\n<\/ul>\n<p><strong>Prev\u00e1dzka a \u00fadr\u017eba<\/strong><\/p>\n<ul>\n<li>Garantovan\u00e9 z\u00e1lohovanie u\u017e\u00edvate\u013esk\u00fdch d\u00e1t pod\u013ea dohodnutej z\u00e1lohovacej sch\u00e9my<\/li>\n<li>Z\u00e1lohovanie opera\u010dn\u00e9ho syst\u00e9mu pre \u00fa\u010dely r\u00fdchlej obnovy po hav\u00e1rii<\/li>\n<li>Rie\u0161enie v\u0161etk\u00fdch v\u00fdpadkov ktor\u00e9hoko\u013evek z prvkov infra\u0161trukt\u00fary s parametrami uveden\u00fdmi v zmluve o \u00farovni slu\u017eieb (SLA)<\/li>\n<li>N\u00e1vrh a realiz\u00e1cia rozvoja infra\u0161trukt\u00fary pod\u013ea aktu\u00e1lnych technologick\u00fdch trendov a podnikate\u013esk\u00fdch potrieb z\u00e1kazn\u00edka<\/li>\n<\/ul>\n<p><strong>Bezpe\u010dnos\u0165<\/strong><\/p>\n<ul>\n<li>Zaistenie bezpe\u010dnosti prev\u00e1dzkovanej infra\u0161trukt\u00fary s pomocou firewallov, antiv\u00edrovej a antispywarovej ochrany prev\u00e1dzkovan\u00fdch serverov<\/li>\n<li>Aktualiz\u00e1cia syst\u00e9mov\u00fdch programov predov\u0161etk\u00fdm o tzv. \u201ebezpe\u010dnostn\u00e9 z\u00e1platy\u201c, ktor\u00e9 s\u00fa vzh\u013eadom k prev\u00e1dzkovan\u00e9mu programov\u00e9mu vybaveniu relevantn\u00e9<\/li>\n<li>Potrebn\u00e1 aktualiz\u00e1cia tzv. \u201efirmware\u201c na akt\u00edvnych prvkoch v sieti z d\u00f4vodov funk\u010dn\u00fdch, ale aj bezpe\u010dnostn\u00fdch<\/li>\n<li>Spracovanie d\u00e1t ulo\u017een\u00fdch na serveroch s procesne i technicky garantovan\u00fdmi bezpe\u010dnostn\u00fdmi parametrami pod\u013ea po\u017eiadaviek na ochranu d\u00e1t a vy\u017eadovan\u00e9 pr\u00edslu\u0161n\u00fdmi bezpe\u010dnostn\u00fdmi normami<\/li>\n<\/ul>\n<p><strong>&nbsp;<\/strong><\/p>\n<p><strong>Konzult\u00e1cie<\/strong><\/p>\n<p>Ako doplnkov\u00e9 slu\u017eby pon\u00fakame z\u00e1kazn\u00edkom (na\u0161im, ale aj t\u00fdm, ktor\u00ed maj\u00fa u\u017e in\u0161talovan\u00e9 rie\u0161enie od inej firmy) servis a poradensk\u00e9 slu\u017eby. Z\u00e1kazn\u00edci n\u00e1s ve\u013emi \u010dasto \u017eiadaj\u00fa o nezaujat\u00e9 pos\u00fadenie konkr\u00e9tneho probl\u00e9mu ako tretiu stranu.<\/p>\n<p><\/p>\n<p><strong>Bezpe\u010dnos\u0165 informa\u010dn\u00fdch syst\u00e9mov a audit bezpe\u010dnosti<\/strong><\/p>\n<p>Bezpe\u010dnos\u0165 informa\u010dn\u00fdch syst\u00e9mov predstavuje v s\u00fa\u010dasnosti komplexn\u00fd syst\u00e9m technick\u00fdch a organiza\u010dn\u00fdch opatren\u00ed. Predstavuje kompromis medzi otvorenos\u0165ou dne\u0161n\u00fdch informa\u010dn\u00fdch syst\u00e9mov a ich ochranou pred napadnut\u00edm, pr\u00edpadne zneu\u017eit\u00edm citliv\u00fdch d\u00e1t organiz\u00e1cie. Podniky potrebuj\u00fa tak\u00fa informa\u010dn\u00fa bezpe\u010dnos\u0165, ktor\u00e1 zodpoved\u00e1 ich obchodn\u00fdm a prev\u00e1dzkov\u00fdm potreb\u00e1m, ako aj rizik\u00e1m ich informa\u010dn\u00fdch akt\u00edv. Na\u0161e rie\u0161enia chr\u00e1nia \u00fadaje pred neopr\u00e1vnen\u00fdm pr\u00edstupom, pred ich stratou, zneu\u017eit\u00edm a po\u0161koden\u00edm pri prestupe do in\u00fdch siet\u00ed, a\u017e po zabezpe\u010denie ich bezpe\u010dnosti v informa\u010dn\u00fdch syst\u00e9moch v prostred\u00ed Intranetu a Internetu. Taktie\u017e poskytujeme slu\u017eby, ktor\u00e9 s\u00fa pre organiz\u00e1cie vy\u017eadovan\u00e9 zo z\u00e1kona (napr. Bezpe\u010dnostn\u00e9 projekty a Audit bezpe\u010dnosti IS pod\u013ea z\u00e1kona \u010d. 428\/2002 Z. z. o ochrane osobn\u00fdch \u00fadajov, &#8230;).<\/p>\n<p><\/p>\n<p>TBD ako \u010dlen ISACA (Information Systems Audit and Controls Association) realizuje audity bezpe\u010dnosti IS v s\u00falade s medzin\u00e1rodne uzn\u00e1vanou metodol\u00f3giou COBIT (Control Objectives for Information and Related Technology). Vzh\u013eadom na nutnos\u0165 poskytn\u00fa\u0165 objekt\u00edvny poh\u013ead na stav informa\u010dnej bezpe\u010dnosti je nevyhnutn\u00e9 na realiz\u00e1ciu auditov pou\u017e\u00edva\u0165 \u0161tandardizovan\u00fa metodiku a postupy.<\/p>\n<p><\/p>\n<p><strong>Konzulta\u010dn\u00e1 \u010dinnos\u0165<\/strong><\/p>\n<p>Prostredn\u00edctvom na\u0161ich \u0161pecialistov pon\u00fakame z\u00e1kazn\u00edkom konzulta\u010dn\u00e9 slu\u017eby pri rie\u0161en\u00ed probl\u00e9mov a pri n\u00e1vrhu vhodn\u00fdch technol\u00f3gi\u00ed na budovanie d\u00e1tov\u00e9ho prostredia siet\u00ed LAN a WAN.<\/p>\n<p><\/p>\n<p><strong>Syst\u00e9mov\u00e1 integr\u00e1cia<\/strong><\/p>\n<p>S rast\u00facou komplexitou ICT rie\u0161en\u00ed a previazanos\u0165ou informa\u010dn\u00fdch syst\u00e9mov (IS) sa zvy\u0161uje pravdepodobnos\u0165 z toho vypl\u00fdvaj\u00facich probl\u00e9mov. Rastie tak potreba koordinovanej integr\u00e1cie jednotliv\u00fdch IS, ktor\u00e1 vy\u017eaduje \u00fazku a efekt\u00edvnu komunik\u00e1ciu jednotliv\u00fdch z\u00fa\u010dastnen\u00fdch str\u00e1n. Integr\u00e1cia sa tak st\u00e1va potrebn\u00fdm predpokladom pre zaistenie dlhodobo funk\u010dn\u00e9ho ICT rie\u0161enia.<\/p>\n<p><\/p>\n<p>Pri realiz\u00e1cii tak\u00fdchto rie\u0161en\u00ed je obvykle potrebne vybudova\u0165 resp. prepoji\u0165 viacero informa\u010dn\u00fdch syst\u00e9mov , technol\u00f3gii a&nbsp;dod\u00e1vate\u013eov do funk\u010dn\u00e9ho celku. V&nbsp;na\u0161ej spolo\u010dnosti m\u00e1me amb\u00edciu a&nbsp;schopnos\u0165 realizova\u0165 tak\u00fato \u00falohu vo\u010di na\u0161im z\u00e1kazn\u00edkom a&nbsp;partnertom.<\/p>","protected":false},"excerpt":{"rendered":"<p>SLA slu\u017eby Slu\u017eby s vopred definovan\u00fdmi krit\u00e9riami na ich rozsah, priority, zodpovednosti a z\u00e1ruky. Postar\u00e1me sa o bezprobl\u00e9mov\u00fa funk\u010dnos\u0165 v\u00e1\u0161ho IT, presne pod\u013ea va\u0161ich po\u017eiadaviek. S\u00fa\u010das\u0165ou zml\u00fav je cie\u013eov\u00e1, ako aj minim\u00e1lna \u00farove\u0148 slu\u017eieb. Pre skvalitnenie slu\u017eieb je tu zaveden\u00fd automatizovan\u00fd monitoring incidentov, o ktor\u00fdch sa dozvieme sk\u00f4r ne\u017e sa m\u00f4\u017eu re\u00e1lne prejavi\u0165 u koncov\u00e9ho [&hellip;]<\/p>\n","protected":false},"author":1,"featured_media":0,"parent":0,"menu_order":0,"comment_status":"closed","ping_status":"closed","template":"","meta":[],"_links":{"self":[{"href":"https:\/\/www.tbdevelopment.sk\/index.php\/wp-json\/wp\/v2\/pages\/1507"}],"collection":[{"href":"https:\/\/www.tbdevelopment.sk\/index.php\/wp-json\/wp\/v2\/pages"}],"about":[{"href":"https:\/\/www.tbdevelopment.sk\/index.php\/wp-json\/wp\/v2\/types\/page"}],"author":[{"embeddable":true,"href":"https:\/\/www.tbdevelopment.sk\/index.php\/wp-json\/wp\/v2\/users\/1"}],"replies":[{"embeddable":true,"href":"https:\/\/www.tbdevelopment.sk\/index.php\/wp-json\/wp\/v2\/comments?post=1507"}],"version-history":[{"count":7,"href":"https:\/\/www.tbdevelopment.sk\/index.php\/wp-json\/wp\/v2\/pages\/1507\/revisions"}],"predecessor-version":[{"id":1569,"href":"https:\/\/www.tbdevelopment.sk\/index.php\/wp-json\/wp\/v2\/pages\/1507\/revisions\/1569"}],"wp:attachment":[{"href":"https:\/\/www.tbdevelopment.sk\/index.php\/wp-json\/wp\/v2\/media?parent=1507"}],"curies":[{"name":"wp","href":"https:\/\/api.w.org\/{rel}","templated":true}]}}